{"id":46323,"date":"2020-04-12T16:23:32","date_gmt":"2020-04-12T21:23:32","guid":{"rendered":"https:\/\/smscrete.com\/facturacion-y-seguros-medicos\/"},"modified":"2020-06-23T15:31:20","modified_gmt":"2020-06-23T20:31:20","slug":"facturacion-y-seguros-medicos","status":"publish","type":"page","link":"https:\/\/smscrete.com\/es\/facturacion-y-seguros-medicos\/","title":{"rendered":"Facturaci\u00f3n y Seguros M\u00e9dicos"},"content":{"rendered":"\n[et_pb_section fb_built=\u00bb1&#8243; fullwidth=\u00bbon\u00bb admin_label=\u00bbInterior Hero 1&#8243; module_class=\u00bbsfly_interior sfly_interior_hero_1&#8243; _builder_version=\u00bb3.22.3&#8243; background_color=\u00bb#000000&#8243; saved_tabs=\u00bball\u00bb locked=\u00bboff\u00bb fb_built=\u00bb1&#8243; _i=\u00bb0&#8243; _address=\u00bb0&#8243;][et_pb_fullwidth_header title=\u00bbFinanzas\u00bb subhead=\u00bbFacturaci\u00f3n y Seguros M\u00e9dicos\u00bb text_orientation=\u00bbcenter\u00bb background_overlay_color=\u00bbrgba(0,0,0,0.5)\u00bb module_class=\u00bbsfly_fullwidth_header\u00bb _builder_version=\u00bb3.29.3&#8243; title_font=\u00bb|700|||||||\u00bb title_font_size=\u00bb48px\u00bb title_letter_spacing=\u00bb2px\u00bb background_color=\u00bb#517082&#8243; background_image=\u00bbhttps:\/\/smscrete.com\/wp-content\/uploads\/2019\/03\/Home-Hero-Image-1-1.jpg\u00bb background_position=\u00bbbottom_center\u00bb custom_button_one=\u00bbon\u00bb button_one_text_color=\u00bb#000000&#8243; button_one_bg_color=\u00bb#ffffff\u00bb button_one_border_color=\u00bb#ffffff\u00bb button_one_font=\u00bb|700|||||||\u00bb button_one_use_icon=\u00bboff\u00bb custom_button_two=\u00bbon\u00bb button_two_font=\u00bb|700|||||||\u00bb button_two_use_icon=\u00bboff\u00bb custom_padding=\u00bb80px||70px||false\u00bb animation_style=\u00bbfade\u00bb animation_duration=\u00bb1500ms\u00bb hover_enabled=\u00bb0&#8243; title_font_size_tablet=\u00bb36px\u00bb title_font_size_phone=\u00bb24px\u00bb title_font_size_last_edited=\u00bbon|phone\u00bb button_one_text_color_hover=\u00bb#ffffff\u00bb button_two_text_color_hover=\u00bb#ffffff\u00bb button_one_border_color_hover=\u00bb#ffffff\u00bb button_two_border_color_hover=\u00bb#ffffff\u00bb button_one_bg_color_hover=\u00bbrgba(255,255,255,0)\u00bb button_two_bg_color_hover=\u00bbrgba(0,0,0,0)\u00bb button_one_text_size__hover_enabled=\u00bboff\u00bb button_two_text_size__hover_enabled=\u00bboff\u00bb button_one_text_color__hover_enabled=\u00bbon\u00bb button_one_text_color__hover=\u00bb#ffffff\u00bb button_two_text_color__hover_enabled=\u00bbon\u00bb button_two_text_color__hover=\u00bb#ffffff\u00bb button_one_border_width__hover_enabled=\u00bboff\u00bb button_two_border_width__hover_enabled=\u00bboff\u00bb button_one_border_color__hover_enabled=\u00bbon\u00bb button_one_border_color__hover=\u00bb#ffffff\u00bb button_two_border_color__hover_enabled=\u00bbon\u00bb button_two_border_color__hover=\u00bb#ffffff\u00bb button_one_border_radius__hover_enabled=\u00bboff\u00bb button_two_border_radius__hover_enabled=\u00bboff\u00bb button_one_letter_spacing__hover_enabled=\u00bboff\u00bb button_two_letter_spacing__hover_enabled=\u00bboff\u00bb button_one_bg_color__hover_enabled=\u00bbon\u00bb button_one_bg_color__hover=\u00bbrgba(255,255,255,0)\u00bb button_two_bg_color__hover_enabled=\u00bbon\u00bb button_two_bg_color__hover=\u00bbrgba(0,0,0,0)\u00bb _i=\u00bb0&#8243; _address=\u00bb0.0&#8243;][\/et_pb_fullwidth_header][\/et_pb_section][et_pb_section fb_built=\u00bb1&#8243; admin_label=\u00bbGeneral 1&#8243; module_class=\u00bbsfly_general sfly_general_1&#8243; _builder_version=\u00bb3.22.3&#8243; fb_built=\u00bb1&#8243; _i=\u00bb1&#8243; _address=\u00bb1&#8243;][et_pb_row _builder_version=\u00bb3.25&#8243; max_width=\u00bb750px\u00bb use_custom_width=\u00bbon\u00bb custom_width_px=\u00bb750px\u00bb _i=\u00bb0&#8243; _address=\u00bb1.0&#8243;][et_pb_column type=\u00bb4_4&#8243; _builder_version=\u00bb3.25&#8243; custom_padding=\u00bb|||\u00bb _i=\u00bb0&#8243; _address=\u00bb1.0.0&#8243; custom_padding__hover=\u00bb|||\u00bb][et_pb_text quote_border_weight=\u00bb0px\u00bb quote_border_color=\u00bbrgba(0,0,0,0)\u00bb _builder_version=\u00bb3.27.4&#8243; text_font=\u00bb||||||||\u00bb link_font=\u00bb|100|||on|||#000000|\u00bb link_text_color=\u00bb#000000&#8243; quote_font=\u00bbPlayfair Display||on||||||\u00bb quote_text_color=\u00bb#000000&#8243; quote_line_height=\u00bb1.3em\u00bb header_font=\u00bb|700|||||||\u00bb header_2_font=\u00bb|700|||||||\u00bb header_2_letter_spacing=\u00bb2px\u00bb header_3_font=\u00bb|700|||||||\u00bb header_3_text_color=\u00bb#000000&#8243; header_4_letter_spacing=\u00bb12px\u00bb header_5_font=\u00bb|300|||||||\u00bb header_5_text_color=\u00bb#bfbfbf\u00bb header_5_letter_spacing=\u00bb12px\u00bb header_6_font=\u00bb|700|||||||\u00bb header_6_letter_spacing=\u00bb12px\u00bb module_alignment=\u00bbleft\u00bb custom_margin_last_edited=\u00bbon|tablet\u00bb quote_font_size_last_edited=\u00bbon|desktop\u00bb saved_tabs=\u00bball\u00bb locked=\u00bboff\u00bb _i=\u00bb0&#8243; _address=\u00bb1.0.0.0&#8243;]<h2 style=\"text-align: center\">Esta p\u00e1gina est\u00e1 bajo construcci\u00f3n.<\/h2>[\/et_pb_text][et_pb_text quote_border_weight=\u00bb0px\u00bb quote_border_color=\u00bbrgba(0,0,0,0)\u00bb _builder_version=\u00bb3.27.4&#8243; text_font=\u00bb|300|||||||\u00bb text_line_height=\u00bb1.8em\u00bb link_font=\u00bb|100|||on|||#000000|\u00bb link_text_color=\u00bb#000000&#8243; quote_font=\u00bbPlayfair Display||on||||||\u00bb quote_text_color=\u00bb#000000&#8243; quote_line_height=\u00bb1.3em\u00bb header_font=\u00bb|700|||||||\u00bb header_2_font=\u00bb|700|||||||\u00bb header_3_font=\u00bb|700|||||||\u00bb header_3_text_color=\u00bb#000000&#8243; header_4_letter_spacing=\u00bb12px\u00bb header_5_font=\u00bb|300|||||||\u00bb header_5_text_color=\u00bb#bfbfbf\u00bb header_5_letter_spacing=\u00bb12px\u00bb header_6_font=\u00bb|700|||||||\u00bb header_6_letter_spacing=\u00bb12px\u00bb max_width=\u00bb700px\u00bb module_alignment=\u00bbcenter\u00bb custom_margin_last_edited=\u00bbon|tablet\u00bb custom_padding=\u00bb||0px|||\u00bb quote_font_size_last_edited=\u00bbon|desktop\u00bb saved_tabs=\u00bball\u00bb locked=\u00bboff\u00bb _i=\u00bb1&#8243; _address=\u00bb1.0.0.1&#8243;]<p style=\"text-align: center\">\u00a1Por favor, revise luego!<\/p>[\/et_pb_text][\/et_pb_column][\/et_pb_row][\/et_pb_section][et_pb_section fb_built=\u00bb1&#8243; admin_label=\u00bbCTA 4&#8243; module_class=\u00bbsfly_cta sfly_cta_4&#8243; _builder_version=\u00bb3.23.3&#8243; background_color=\u00bb#1373a4&#8243; custom_padding=\u00bb0px||0px||true\u00bb global_module=\u00bb45696&#8243; saved_tabs=\u00bball\u00bb locked=\u00bboff\u00bb fb_built=\u00bb1&#8243; _i=\u00bb2&#8243; _address=\u00bb2&#8243;][et_pb_row use_custom_gutter=\u00bbon\u00bb gutter_width=\u00bb1&#8243; module_class=\u00bb et_pb_row_fullwidth\u00bb _builder_version=\u00bb3.25&#8243; width=\u00bb100%\u00bb width_tablet=\u00bb100%\u00bb width_last_edited=\u00bbon|desktop\u00bb max_width=\u00bb100%\u00bb max_width_tablet=\u00bb100%\u00bb max_width_last_edited=\u00bbon|desktop\u00bb custom_padding=\u00bb0px||0px||true\u00bb make_fullwidth=\u00bbon\u00bb _i=\u00bb0&#8243; _address=\u00bb2.0&#8243;][et_pb_column type=\u00bb4_4&#8243; _builder_version=\u00bb3.10.2&#8243; custom_padding=\u00bb|||\u00bb custom_padding__hover=\u00bb|||\u00bb _i=\u00bb0&#8243; _address=\u00bb2.0.0&#8243;][et_pb_text _builder_version=\u00bb3.27.4&#8243; text_font=\u00bb||||||||\u00bb header_font=\u00bb||||||||\u00bb header_3_font=\u00bbPoppins|700||on|||||\u00bb header_3_font_size=\u00bb28px\u00bb text_orientation=\u00bbcenter\u00bb background_layout=\u00bbdark\u00bb custom_margin=\u00bb|||\u00bb custom_padding=\u00bb|||\u00bb header_3_font_size__hover_enabled=\u00bbon\u00bb _i=\u00bb0&#8243; _address=\u00bb2.0.0.0&#8243;]<h3><a href=\"\/?page_id=516\">\u00a1Cont\u00e1ctenos Hoy! <i class=\"fas fa-arrow-right\"><\/i><\/a><\/h3>[\/et_pb_text][\/et_pb_column][\/et_pb_row][\/et_pb_section]\n","protected":false},"excerpt":{"rendered":"<p>Esta p\u00e1gina est\u00e1 bajo construcci\u00f3n.\u00a1Por favor, revise luego!\u00a1Cont\u00e1ctenos Hoy!<\/p>\n","protected":false},"author":7,"featured_media":0,"parent":0,"menu_order":0,"comment_status":"closed","ping_status":"closed","template":"","meta":{"_et_pb_use_builder":"on","_et_pb_old_content":"","_et_gb_content_width":"","footnotes":""},"class_list":["post-46323","page","type-page","status-publish","hentry"],"yoast_head":"<!-- This site is optimized with the Yoast SEO plugin v27.5 - https:\/\/yoast.com\/product\/yoast-seo-wordpress\/ -->\n<title>Crete Family Doctors - Facturaci\u00f3n y Seguros M\u00e9dicos<\/title>\n<meta name=\"robots\" content=\"index, follow, max-snippet:-1, max-image-preview:large, max-video-preview:-1\" \/>\n<link rel=\"canonical\" href=\"https:\/\/smscrete.com\/es\/facturacion-y-seguros-medicos\/\" \/>\n<meta property=\"og:locale\" content=\"es_ES\" \/>\n<meta property=\"og:type\" content=\"article\" \/>\n<meta property=\"og:title\" content=\"Crete Family Doctors - Facturaci\u00f3n y Seguros M\u00e9dicos\" \/>\n<meta property=\"og:description\" content=\"Esta p\u00e1gina est\u00e1 bajo construcci\u00f3n.\u00a1Por favor, revise luego!\u00a1Cont\u00e1ctenos Hoy!\" \/>\n<meta property=\"og:url\" content=\"https:\/\/smscrete.com\/es\/facturacion-y-seguros-medicos\/\" \/>\n<meta property=\"og:site_name\" content=\"SMS Crete\" \/>\n<meta property=\"article:modified_time\" content=\"2020-06-23T20:31:20+00:00\" \/>\n<meta name=\"twitter:card\" content=\"summary_large_image\" \/>\n<meta name=\"twitter:label1\" content=\"Tiempo de lectura\" \/>\n\t<meta name=\"twitter:data1\" content=\"4 minutos\" \/>\n<script type=\"application\/ld+json\" class=\"yoast-schema-graph\">{\"@context\":\"https:\\\/\\\/schema.org\",\"@graph\":[{\"@type\":\"WebPage\",\"@id\":\"https:\\\/\\\/smscrete.com\\\/es\\\/facturacion-y-seguros-medicos\\\/\",\"url\":\"https:\\\/\\\/smscrete.com\\\/es\\\/facturacion-y-seguros-medicos\\\/\",\"name\":\"Crete Family Doctors - Facturaci\u00f3n y Seguros M\u00e9dicos\",\"isPartOf\":{\"@id\":\"https:\\\/\\\/smscrete.com\\\/es\\\/#website\"},\"datePublished\":\"2020-04-12T21:23:32+00:00\",\"dateModified\":\"2020-06-23T20:31:20+00:00\",\"breadcrumb\":{\"@id\":\"https:\\\/\\\/smscrete.com\\\/es\\\/facturacion-y-seguros-medicos\\\/#breadcrumb\"},\"inLanguage\":\"es\",\"potentialAction\":[{\"@type\":\"ReadAction\",\"target\":[\"https:\\\/\\\/smscrete.com\\\/es\\\/facturacion-y-seguros-medicos\\\/\"]}]},{\"@type\":\"BreadcrumbList\",\"@id\":\"https:\\\/\\\/smscrete.com\\\/es\\\/facturacion-y-seguros-medicos\\\/#breadcrumb\",\"itemListElement\":[{\"@type\":\"ListItem\",\"position\":1,\"name\":\"Home\",\"item\":\"https:\\\/\\\/smscrete.com\\\/es\\\/\"},{\"@type\":\"ListItem\",\"position\":2,\"name\":\"Facturaci\u00f3n y Seguros M\u00e9dicos\"}]},{\"@type\":\"WebSite\",\"@id\":\"https:\\\/\\\/smscrete.com\\\/es\\\/#website\",\"url\":\"https:\\\/\\\/smscrete.com\\\/es\\\/\",\"name\":\"SMS Crete\",\"description\":\"A Future of Healthy Living at SMS Crete\",\"potentialAction\":[{\"@type\":\"SearchAction\",\"target\":{\"@type\":\"EntryPoint\",\"urlTemplate\":\"https:\\\/\\\/smscrete.com\\\/es\\\/?s={search_term_string}\"},\"query-input\":{\"@type\":\"PropertyValueSpecification\",\"valueRequired\":true,\"valueName\":\"search_term_string\"}}],\"inLanguage\":\"es\"}]}<\/script>\n<!-- \/ Yoast SEO plugin. -->","yoast_head_json":{"title":"Crete Family Doctors - Facturaci\u00f3n y Seguros M\u00e9dicos","robots":{"index":"index","follow":"follow","max-snippet":"max-snippet:-1","max-image-preview":"max-image-preview:large","max-video-preview":"max-video-preview:-1"},"canonical":"https:\/\/smscrete.com\/es\/facturacion-y-seguros-medicos\/","og_locale":"es_ES","og_type":"article","og_title":"Crete Family Doctors - Facturaci\u00f3n y Seguros M\u00e9dicos","og_description":"Esta p\u00e1gina est\u00e1 bajo construcci\u00f3n.\u00a1Por favor, revise luego!\u00a1Cont\u00e1ctenos Hoy!","og_url":"https:\/\/smscrete.com\/es\/facturacion-y-seguros-medicos\/","og_site_name":"SMS Crete","article_modified_time":"2020-06-23T20:31:20+00:00","twitter_card":"summary_large_image","twitter_misc":{"Tiempo de lectura":"4 minutos"},"schema":{"@context":"https:\/\/schema.org","@graph":[{"@type":"WebPage","@id":"https:\/\/smscrete.com\/es\/facturacion-y-seguros-medicos\/","url":"https:\/\/smscrete.com\/es\/facturacion-y-seguros-medicos\/","name":"Crete Family Doctors - Facturaci\u00f3n y Seguros M\u00e9dicos","isPartOf":{"@id":"https:\/\/smscrete.com\/es\/#website"},"datePublished":"2020-04-12T21:23:32+00:00","dateModified":"2020-06-23T20:31:20+00:00","breadcrumb":{"@id":"https:\/\/smscrete.com\/es\/facturacion-y-seguros-medicos\/#breadcrumb"},"inLanguage":"es","potentialAction":[{"@type":"ReadAction","target":["https:\/\/smscrete.com\/es\/facturacion-y-seguros-medicos\/"]}]},{"@type":"BreadcrumbList","@id":"https:\/\/smscrete.com\/es\/facturacion-y-seguros-medicos\/#breadcrumb","itemListElement":[{"@type":"ListItem","position":1,"name":"Home","item":"https:\/\/smscrete.com\/es\/"},{"@type":"ListItem","position":2,"name":"Facturaci\u00f3n y Seguros M\u00e9dicos"}]},{"@type":"WebSite","@id":"https:\/\/smscrete.com\/es\/#website","url":"https:\/\/smscrete.com\/es\/","name":"SMS Crete","description":"A Future of Healthy Living at SMS Crete","potentialAction":[{"@type":"SearchAction","target":{"@type":"EntryPoint","urlTemplate":"https:\/\/smscrete.com\/es\/?s={search_term_string}"},"query-input":{"@type":"PropertyValueSpecification","valueRequired":true,"valueName":"search_term_string"}}],"inLanguage":"es"}]}},"_links":{"self":[{"href":"https:\/\/smscrete.com\/es\/wp-json\/wp\/v2\/pages\/46323","targetHints":{"allow":["GET"]}}],"collection":[{"href":"https:\/\/smscrete.com\/es\/wp-json\/wp\/v2\/pages"}],"about":[{"href":"https:\/\/smscrete.com\/es\/wp-json\/wp\/v2\/types\/page"}],"author":[{"embeddable":true,"href":"https:\/\/smscrete.com\/es\/wp-json\/wp\/v2\/users\/7"}],"replies":[{"embeddable":true,"href":"https:\/\/smscrete.com\/es\/wp-json\/wp\/v2\/comments?post=46323"}],"version-history":[{"count":8,"href":"https:\/\/smscrete.com\/es\/wp-json\/wp\/v2\/pages\/46323\/revisions"}],"predecessor-version":[{"id":46480,"href":"https:\/\/smscrete.com\/es\/wp-json\/wp\/v2\/pages\/46323\/revisions\/46480"}],"wp:attachment":[{"href":"https:\/\/smscrete.com\/es\/wp-json\/wp\/v2\/media?parent=46323"}],"curies":[{"name":"wp","href":"https:\/\/api.w.org\/{rel}","templated":true}]}}